{"id":3807,"date":"2023-04-17T19:40:34","date_gmt":"2023-04-17T17:40:34","guid":{"rendered":"https:\/\/dev.gallaissports.fr\/?page_id=3807"},"modified":"2023-04-27T08:38:27","modified_gmt":"2023-04-27T06:38:27","slug":"qui-sommes-nous","status":"publish","type":"page","link":"https:\/\/gallaissports.com\/es\/qui-sommes-nous\/","title":{"rendered":"\u00bfQui\u00e9nes somos?"},"content":{"rendered":"<section class=\"wpb-content-wrapper\"><div class=\"vc_row wpb_row vc_row-fluid\"><div class=\"row-container\"><div class=\"wpb_column vc_column_container vc_col-sm-12\"><div class=\"vc_column-inner\"><div class=\"wpb_wrapper\"><div class=\"vc_empty_space\"   style=\"height: 32px\"><span class=\"vc_empty_space_inner\"><\/span><\/div><div class=\"vc_row wpb_row vc_inner vc_row-fluid\"><div class=\"wpb_column vc_column_container vc_col-sm-3\"><div class=\"vc_column-inner\"><div class=\"wpb_wrapper\">\n\t<div  class=\"wpb_single_image wpb_content_element vc_align_center  wpb_animate_when_almost_visible wpb_slideInLeft slideInLeft\">\n\t\t\n\t\t<figure class=\"wpb_wrapper vc_figure\">\n\t\t\t<div class=\"vc_single_image-wrapper   vc_box_border_grey\"><img loading=\"lazy\" decoding=\"async\" width=\"3715\" height=\"1498\" src=\"https:\/\/gallaissports.com\/wp-content\/uploads\/2023\/04\/Logo-Gallais-sans-backround-HR-1.png\" class=\"vc_single_image-img attachment-full\" alt=\"\" title=\"Logotipo de Gallais sin antecedentes de recursos humanos\" srcset=\"https:\/\/gallaissports.com\/wp-content\/uploads\/2023\/04\/Logo-Gallais-sans-backround-HR-1.png 3715w, https:\/\/gallaissports.com\/wp-content\/uploads\/2023\/04\/Logo-Gallais-sans-backround-HR-1-150x60.png 150w, https:\/\/gallaissports.com\/wp-content\/uploads\/2023\/04\/Logo-Gallais-sans-backround-HR-1-300x121.png 300w, https:\/\/gallaissports.com\/wp-content\/uploads\/2023\/04\/Logo-Gallais-sans-backround-HR-1-1024x413.png 1024w, https:\/\/gallaissports.com\/wp-content\/uploads\/2023\/04\/Logo-Gallais-sans-backround-HR-1-768x310.png 768w, https:\/\/gallaissports.com\/wp-content\/uploads\/2023\/04\/Logo-Gallais-sans-backround-HR-1-1536x619.png 1536w, https:\/\/gallaissports.com\/wp-content\/uploads\/2023\/04\/Logo-Gallais-sans-backround-HR-1-2048x826.png 2048w, https:\/\/gallaissports.com\/wp-content\/uploads\/2023\/04\/Logo-Gallais-sans-backround-HR-1-1170x472.png 1170w, https:\/\/gallaissports.com\/wp-content\/uploads\/2023\/04\/Logo-Gallais-sans-backround-HR-1-1320x532.png 1320w\" sizes=\"auto, (max-width: 3715px) 100vw, 3715px\" \/><\/div>\n\t\t<\/figure>\n\t<\/div>\n<\/div><\/div><\/div><div class=\"wpb_column vc_column_container vc_col-sm-9\"><div class=\"vc_column-inner\"><div class=\"wpb_wrapper\">\n\t<div class=\"wpb_text_column wpb_content_element\" >\n\t\t<div class=\"wpb_wrapper\">\n\t\t\t<h2><span style=\"font-size: 20px;\"><strong>El origen<\/strong><\/span><\/h2>\n<p>Creada por el Sr. Jean-Fran\u00e7ois GALLAIS en la d\u00e9cada de 1980, la empresa GALLAIS SPORT INTERNATIONAL fue relanzada por los Sres. DOUCET Antoine y MECHETY Fr\u00e9d\u00e9ric en 2022.<\/p>\n<p>Figura emblem\u00e1tica del deporte canino, Mr. GALLAIS ha revolucionado los trajes y en consecuencia su uso y las t\u00e9cnicas resultantes.<\/p>\n<p>Con la experiencia y la reputaci\u00f3n de los trajes del Sr. GALLAIS, hoy estamos orgullosos y felices de poder revivir este saber hacer y esta calidad de materiales.<\/p>\n<p>Empresa Francesa son valores importantes para nosotros.<\/p>\n<p>La marca representa hoy equipos de calidad y hechos a la medida.<\/p>\n<h2><span style=\"font-size: 20px;\"><b>Nuestra filosof\u00eda:<\/b><b>Mejora permanente.<\/b><\/span><\/h2>\n<p>Nuestra filosof\u00eda es buscar progresar cada d\u00eda. Buscamos la excelencia y deseamos ofrecer la plena satisfacci\u00f3n a nuestros clientes.<\/p>\n<p>Para lograr estos objetivos, realizamos un seguimiento tecnol\u00f3gico para encontrar los materiales m\u00e1s flexibles y protectores, teniendo en cuenta que tambi\u00e9n debemos proteger a los perros!<br \/>\nTambi\u00e9n nos tomamos el tiempo para discutir con nuestros evaluadores y clientes. Porque en nuestra opini\u00f3n, todas las opiniones son buenas para escuchar.<\/p>\n<h2><span style=\"font-size: 20px;\">Un aut\u00e9ntico servicio postventa: todos nuestros clientes son importantes<\/span><\/h2>\n<p>Para nosotros es importante que todos nuestros clientes est\u00e9n satisfechos. Ya se trate de personas famosas o principiantes, tratamos de poner el mismo cuidado en cada etapa de la construcci\u00f3n de nuestros trajes.<\/p>\n<p>Dado que nadie es infalible, es esencial para nosotros escuchar a nuestros clientes despu\u00e9s de la entrega. De hecho, siempre hacemos todo lo posible para brindar un servicio posventa digno de ese nombre a nuestros clientes, con el objetivo de que todos est\u00e9n satisfechos.<\/p>\n\n\t\t<\/div>\n\t<\/div>\n<\/div><\/div><\/div><\/div><\/div><\/div><\/div><\/div><\/div>\n<\/section>","protected":false},"excerpt":{"rendered":"L'origine Cr\u00e9e par Monsieur Jean-Fran\u00e7ois GALLAIS dans les ann\u00e9es 1980,\u00a0 la soci\u00e9t\u00e9 GALLAIS SPORT INTERNATIONAL est \u00e9t\u00e9 relanc\u00e9e par Messieurs DOUCET Antoine et MECHETY Fr\u00e9d\u00e9ric en 2022. Figure embl\u00e9matique du sport canin, M. GALLAIS a r\u00e9volutionn\u00e9 les costumes et par cons\u00e9quent leur utilisation et les","protected":false},"author":1,"featured_media":0,"parent":0,"menu_order":0,"comment_status":"closed","ping_status":"closed","template":"page-templates\/demo89.php","meta":{"footnotes":""},"class_list":["post-3807","page","type-page","status-publish","hentry"],"jetpack_sharing_enabled":true,"_links":{"self":[{"href":"https:\/\/gallaissports.com\/es\/wp-json\/wp\/v2\/pages\/3807","targetHints":{"allow":["GET"]}}],"collection":[{"href":"https:\/\/gallaissports.com\/es\/wp-json\/wp\/v2\/pages"}],"about":[{"href":"https:\/\/gallaissports.com\/es\/wp-json\/wp\/v2\/types\/page"}],"author":[{"embeddable":true,"href":"https:\/\/gallaissports.com\/es\/wp-json\/wp\/v2\/users\/1"}],"replies":[{"embeddable":true,"href":"https:\/\/gallaissports.com\/es\/wp-json\/wp\/v2\/comments?post=3807"}],"version-history":[{"count":0,"href":"https:\/\/gallaissports.com\/es\/wp-json\/wp\/v2\/pages\/3807\/revisions"}],"wp:attachment":[{"href":"https:\/\/gallaissports.com\/es\/wp-json\/wp\/v2\/media?parent=3807"}],"curies":[{"name":"wp","href":"https:\/\/api.w.org\/{rel}","templated":true}]}}