{"id":6269,"date":"2023-12-21T12:11:54","date_gmt":"2023-12-21T11:11:54","guid":{"rendered":"https:\/\/gallaissports.com\/?post_type=product&#038;p=6269"},"modified":"2025-05-22T17:02:15","modified_gmt":"2025-05-22T15:02:15","slug":"veste-conducteur-2-couleurs","status":"publish","type":"product","link":"https:\/\/gallaissports.com\/es\/producto\/veste-conducteur-2-couleurs\/","title":{"rendered":"Chaqueta de conductor 2 colores"},"content":{"rendered":"<p>Veste de conducteur Deux couleurs. Deux poches ferm\u00e9es \u00e0 l&#8217;avant au niveau de la poitrine, deux grandes poches sur les hanches pour les objets, grande poche arri\u00e8re, deux boucles \u00e0 l&#8217;arri\u00e8re pour accrocher vos accessoires, capuche amovible.<\/p>\n<p>Logo Gallais brod\u00e9 sur la poitrine et dans le dos.<\/p>\n<p>Vous pouvez personnaliser votre produit avec un nom ou un logo. Pensez \u00e0 l&#8217;ajouter \u00e0 votre commande svp<\/p>\n<p>&nbsp;<\/p>","protected":false},"excerpt":{"rendered":"<p>Veste de conducteur Deux couleurs. Deux poches ferm\u00e9es \u00e0 l&#8217;avant au niveau de la poitrine, deux grandes poches sur les hanches pour les objets, grande poche arri\u00e8re, deux boucles \u00e0 l&#8217;arri\u00e8re pour accrocher vos accessoires, capuche amovible.<\/p>\n<p>Vous pouvez personnaliser votre produit avec un nom ou un logo. Pensez \u00e0 l&#8217;ajouter \u00e0 votre commande svp<\/p>\n<p>&nbsp;<\/p>\n<p>&nbsp;<\/p>","protected":false},"featured_media":3864,"comment_status":"open","ping_status":"closed","template":"","meta":[],"product_brand":[],"product_cat":[101],"product_tag":[],"class_list":{"0":"post-6269","1":"product","2":"type-product","3":"status-publish","4":"has-post-thumbnail","6":"product_cat-conducteur","8":"first","9":"outofstock","10":"taxable","11":"shipping-taxable","12":"purchasable","13":"product-type-variable"},"jetpack_sharing_enabled":true,"_links":{"self":[{"href":"https:\/\/gallaissports.com\/es\/wp-json\/wp\/v2\/product\/6269","targetHints":{"allow":["GET"]}}],"collection":[{"href":"https:\/\/gallaissports.com\/es\/wp-json\/wp\/v2\/product"}],"about":[{"href":"https:\/\/gallaissports.com\/es\/wp-json\/wp\/v2\/types\/product"}],"replies":[{"embeddable":true,"href":"https:\/\/gallaissports.com\/es\/wp-json\/wp\/v2\/comments?post=6269"}],"wp:featuredmedia":[{"embeddable":true,"href":"https:\/\/gallaissports.com\/es\/wp-json\/wp\/v2\/media\/3864"}],"wp:attachment":[{"href":"https:\/\/gallaissports.com\/es\/wp-json\/wp\/v2\/media?parent=6269"}],"wp:term":[{"taxonomy":"product_brand","embeddable":true,"href":"https:\/\/gallaissports.com\/es\/wp-json\/wp\/v2\/product_brand?post=6269"},{"taxonomy":"product_cat","embeddable":true,"href":"https:\/\/gallaissports.com\/es\/wp-json\/wp\/v2\/product_cat?post=6269"},{"taxonomy":"product_tag","embeddable":true,"href":"https:\/\/gallaissports.com\/es\/wp-json\/wp\/v2\/product_tag?post=6269"}],"curies":[{"name":"wp","href":"https:\/\/api.w.org\/{rel}","templated":true}]}}