{"id":6447,"date":"2023-12-21T12:13:12","date_gmt":"2023-12-21T11:13:12","guid":{"rendered":"https:\/\/gallaissports.com\/?post_type=product&#038;p=6447"},"modified":"2024-11-22T18:00:50","modified_gmt":"2024-11-22T17:00:50","slug":"pull-a-capuche-avec-broderie-valise-ring","status":"publish","type":"product","link":"https:\/\/gallaissports.com\/es\/producto\/pull-a-capuche-avec-broderie-valise-ring\/","title":{"rendered":"Pull \u00e0 capuche avec BRODERIE PERSONNALISABLE"},"content":{"rendered":"<p>Pull \u00e0 capuche avec poche ventrale. Motif r\u00e9alis\u00e9 par broderie.<\/p>\n<p>Choix de la broderie et de la couleur dans les options<\/p>","protected":false},"excerpt":{"rendered":"<p>Pull \u00e0 capuche Gallais avec broderie valise ring.<\/p>\n<p>Elecci\u00f3n del color del bordado.<\/p>","protected":false},"featured_media":5392,"comment_status":"open","ping_status":"closed","template":"","meta":[],"product_brand":[],"product_cat":[100],"product_tag":[],"class_list":{"0":"post-6447","1":"product","2":"type-product","3":"status-publish","4":"has-post-thumbnail","6":"product_cat-pret-a-porter-gallais","8":"first","9":"instock","10":"taxable","11":"shipping-taxable","12":"purchasable","13":"product-type-variable"},"jetpack_sharing_enabled":true,"_links":{"self":[{"href":"https:\/\/gallaissports.com\/es\/wp-json\/wp\/v2\/product\/6447","targetHints":{"allow":["GET"]}}],"collection":[{"href":"https:\/\/gallaissports.com\/es\/wp-json\/wp\/v2\/product"}],"about":[{"href":"https:\/\/gallaissports.com\/es\/wp-json\/wp\/v2\/types\/product"}],"replies":[{"embeddable":true,"href":"https:\/\/gallaissports.com\/es\/wp-json\/wp\/v2\/comments?post=6447"}],"wp:featuredmedia":[{"embeddable":true,"href":"https:\/\/gallaissports.com\/es\/wp-json\/wp\/v2\/media\/5392"}],"wp:attachment":[{"href":"https:\/\/gallaissports.com\/es\/wp-json\/wp\/v2\/media?parent=6447"}],"wp:term":[{"taxonomy":"product_brand","embeddable":true,"href":"https:\/\/gallaissports.com\/es\/wp-json\/wp\/v2\/product_brand?post=6447"},{"taxonomy":"product_cat","embeddable":true,"href":"https:\/\/gallaissports.com\/es\/wp-json\/wp\/v2\/product_cat?post=6447"},{"taxonomy":"product_tag","embeddable":true,"href":"https:\/\/gallaissports.com\/es\/wp-json\/wp\/v2\/product_tag?post=6447"}],"curies":[{"name":"wp","href":"https:\/\/api.w.org\/{rel}","templated":true}]}}