{"id":6525,"date":"2023-12-21T12:13:53","date_gmt":"2023-12-21T11:13:53","guid":{"rendered":"https:\/\/gallaissports.com\/?post_type=product&#038;p=6525"},"modified":"2024-02-06T22:02:52","modified_gmt":"2024-02-06T21:02:52","slug":"veste-de-deconditionnement","status":"publish","type":"product","link":"https:\/\/gallaissports.com\/es\/producto\/veste-de-deconditionnement\/","title":{"rendered":"Chaqueta descondicionadora"},"content":{"rendered":"<p>Chaqueta desacondicionadora con una protecci\u00f3n muy satisfactoria y un revestimiento diferente a los trajes de ataque. Ideal para simular un mordisco a un civil durante una intervenci\u00f3n.<\/p>\n<p>Producto apto para administraciones y ej\u00e9rcito.<\/p>","protected":false},"excerpt":{"rendered":"<p>Veste de d\u00e9conditionnement avec une protection tr\u00e8s satisfaisante et un rev\u00eatement diff\u00e9rent des costumes d&#8217;attaque. Id\u00e9al pour simuler un morsure sur civil durant une intervention. Produit adapt\u00e9 aux administrations et \u00e0 l&#8217;arm\u00e9e.<\/p>","protected":false},"featured_media":5064,"comment_status":"open","ping_status":"closed","template":"","meta":[],"product_brand":[],"product_cat":[102],"product_tag":[],"class_list":{"0":"post-6525","1":"product","2":"type-product","3":"status-publish","4":"has-post-thumbnail","6":"product_cat-deconditionnement","7":"product_shipping_class-costume","9":"first","10":"instock","11":"taxable","12":"shipping-taxable","13":"purchasable","14":"product-type-simple"},"jetpack_sharing_enabled":true,"_links":{"self":[{"href":"https:\/\/gallaissports.com\/es\/wp-json\/wp\/v2\/product\/6525","targetHints":{"allow":["GET"]}}],"collection":[{"href":"https:\/\/gallaissports.com\/es\/wp-json\/wp\/v2\/product"}],"about":[{"href":"https:\/\/gallaissports.com\/es\/wp-json\/wp\/v2\/types\/product"}],"replies":[{"embeddable":true,"href":"https:\/\/gallaissports.com\/es\/wp-json\/wp\/v2\/comments?post=6525"}],"wp:featuredmedia":[{"embeddable":true,"href":"https:\/\/gallaissports.com\/es\/wp-json\/wp\/v2\/media\/5064"}],"wp:attachment":[{"href":"https:\/\/gallaissports.com\/es\/wp-json\/wp\/v2\/media?parent=6525"}],"wp:term":[{"taxonomy":"product_brand","embeddable":true,"href":"https:\/\/gallaissports.com\/es\/wp-json\/wp\/v2\/product_brand?post=6525"},{"taxonomy":"product_cat","embeddable":true,"href":"https:\/\/gallaissports.com\/es\/wp-json\/wp\/v2\/product_cat?post=6525"},{"taxonomy":"product_tag","embeddable":true,"href":"https:\/\/gallaissports.com\/es\/wp-json\/wp\/v2\/product_tag?post=6525"}],"curies":[{"name":"wp","href":"https:\/\/api.w.org\/{rel}","templated":true}]}}