{"id":6527,"date":"2023-12-21T12:13:53","date_gmt":"2023-12-21T11:13:53","guid":{"rendered":"https:\/\/gallaissports.com\/?post_type=product&#038;p=6527"},"modified":"2024-01-23T13:28:57","modified_gmt":"2024-01-23T12:28:57","slug":"coupe-baton-6-sections","status":"publish","type":"product","link":"https:\/\/gallaissports.com\/es\/producto\/coupe-baton-6-sections\/","title":{"rendered":"Cortador de palos de 6 secciones"},"content":{"rendered":"<p>Permet de couper les b\u00e2tons en 6 parties \u00e9gales. Muni de 2 poign\u00e9es et d&#8217;un centreur automatique.<\/p>\n<p>Description<br \/>\n. Le coupe bambou avec ses lames aff\u00fbt\u00e9es en Inox est tranchant et pr\u00e9cis.<br \/>\n. Son centreur permet la r\u00e9alisation des coupes g\u00e9om\u00e9triques r\u00e9guli\u00e8res<br \/>\n. Maniable et l\u00e9ger par l\u2019optimisation de sa taille.<br \/>\n. Trous d\u2019accroche pour mettre une lani\u00e8re ou cha\u00eene afin de le porter ou le suspendre. . Non blessant avec ces lames en retraits<br \/>\n. Embouts plasitque sur les manches pour une douceur \u00e0 l\u2019utilisation<\/p>","protected":false},"excerpt":{"rendered":"<p>Permet de couper les b\u00e2tons en 6 parties \u00e9gales. Muni de 2 poign\u00e9es et d&#8217;un centreur automatique. Description . Le coupe bambou avec ses lames aff\u00fbt\u00e9es en Inox est tranchant et pr\u00e9cis. . Son centreur permet la r\u00e9alisation des coupes g\u00e9om\u00e9triques r\u00e9guli\u00e8res . Maniable et<\/p>","protected":false},"featured_media":5353,"comment_status":"open","ping_status":"closed","template":"","meta":[],"product_brand":[],"product_cat":[98],"product_tag":[],"class_list":{"0":"post-6527","1":"product","2":"type-product","3":"status-publish","4":"has-post-thumbnail","6":"product_cat-accessoires","8":"first","9":"instock","10":"taxable","11":"shipping-taxable","12":"purchasable","13":"product-type-simple"},"jetpack_sharing_enabled":true,"_links":{"self":[{"href":"https:\/\/gallaissports.com\/es\/wp-json\/wp\/v2\/product\/6527","targetHints":{"allow":["GET"]}}],"collection":[{"href":"https:\/\/gallaissports.com\/es\/wp-json\/wp\/v2\/product"}],"about":[{"href":"https:\/\/gallaissports.com\/es\/wp-json\/wp\/v2\/types\/product"}],"replies":[{"embeddable":true,"href":"https:\/\/gallaissports.com\/es\/wp-json\/wp\/v2\/comments?post=6527"}],"wp:featuredmedia":[{"embeddable":true,"href":"https:\/\/gallaissports.com\/es\/wp-json\/wp\/v2\/media\/5353"}],"wp:attachment":[{"href":"https:\/\/gallaissports.com\/es\/wp-json\/wp\/v2\/media?parent=6527"}],"wp:term":[{"taxonomy":"product_brand","embeddable":true,"href":"https:\/\/gallaissports.com\/es\/wp-json\/wp\/v2\/product_brand?post=6527"},{"taxonomy":"product_cat","embeddable":true,"href":"https:\/\/gallaissports.com\/es\/wp-json\/wp\/v2\/product_cat?post=6527"},{"taxonomy":"product_tag","embeddable":true,"href":"https:\/\/gallaissports.com\/es\/wp-json\/wp\/v2\/product_tag?post=6527"}],"curies":[{"name":"wp","href":"https:\/\/api.w.org\/{rel}","templated":true}]}}