{"id":6528,"date":"2023-12-21T12:13:53","date_gmt":"2023-12-21T11:13:53","guid":{"rendered":"https:\/\/gallaissports.com\/?post_type=product&#038;p=6528"},"modified":"2024-11-22T18:01:22","modified_gmt":"2024-11-22T17:01:22","slug":"hoodie-de-conducteur","status":"publish","type":"product","link":"https:\/\/gallaissports.com\/es\/producto\/hoodie-de-conducteur\/","title":{"rendered":"sudadera con capucha del conductor"},"content":{"rendered":"<p>Sudadera con capucha Cordura dise\u00f1ada por Timoth\u00e9e Leconte, hecha por GALLAIS para conductores. Resistente y de dise\u00f1o.<\/p>\n<p>Bolsillo canguro delantero y trasero.<\/p>\n<p>Vous pouvez personnaliser votre produit avec un nom ou un logo. Pensez \u00e0 l&#8217;ajouter \u00e0 votre commande<\/p>","protected":false},"excerpt":{"rendered":"<p>Hoodie en cordura imagin\u00e9 par Timoth\u00e9e Leconte, r\u00e9alis\u00e9 par GALLAIS pour les conducteurs. R\u00e9sistant et design. Poche kangourou \u00e0 l&#8217;avant et \u00e0 l&#8217;arri\u00e8re. Vous pouvez personnaliser votre produit avec un nom ou un logo. Pensez \u00e0 l&#8217;ajouter \u00e0 votre commande<\/p>","protected":false},"featured_media":5071,"comment_status":"open","ping_status":"closed","template":"","meta":[],"product_brand":[],"product_cat":[101,100],"product_tag":[],"class_list":{"0":"post-6528","1":"product","2":"type-product","3":"status-publish","4":"has-post-thumbnail","6":"product_cat-conducteur","7":"product_cat-pret-a-porter-gallais","9":"first","10":"instock","11":"taxable","12":"shipping-taxable","13":"purchasable","14":"product-type-variable"},"jetpack_sharing_enabled":true,"_links":{"self":[{"href":"https:\/\/gallaissports.com\/es\/wp-json\/wp\/v2\/product\/6528","targetHints":{"allow":["GET"]}}],"collection":[{"href":"https:\/\/gallaissports.com\/es\/wp-json\/wp\/v2\/product"}],"about":[{"href":"https:\/\/gallaissports.com\/es\/wp-json\/wp\/v2\/types\/product"}],"replies":[{"embeddable":true,"href":"https:\/\/gallaissports.com\/es\/wp-json\/wp\/v2\/comments?post=6528"}],"wp:featuredmedia":[{"embeddable":true,"href":"https:\/\/gallaissports.com\/es\/wp-json\/wp\/v2\/media\/5071"}],"wp:attachment":[{"href":"https:\/\/gallaissports.com\/es\/wp-json\/wp\/v2\/media?parent=6528"}],"wp:term":[{"taxonomy":"product_brand","embeddable":true,"href":"https:\/\/gallaissports.com\/es\/wp-json\/wp\/v2\/product_brand?post=6528"},{"taxonomy":"product_cat","embeddable":true,"href":"https:\/\/gallaissports.com\/es\/wp-json\/wp\/v2\/product_cat?post=6528"},{"taxonomy":"product_tag","embeddable":true,"href":"https:\/\/gallaissports.com\/es\/wp-json\/wp\/v2\/product_tag?post=6528"}],"curies":[{"name":"wp","href":"https:\/\/api.w.org\/{rel}","templated":true}]}}