{"id":6577,"date":"2023-12-21T12:14:19","date_gmt":"2023-12-21T11:14:19","guid":{"rendered":"https:\/\/gallaissports.com\/?post_type=product&#038;p=6577"},"modified":"2023-12-21T12:14:25","modified_gmt":"2023-12-21T11:14:25","slug":"jambiere-de-mordant-chiot-ou-adulte","status":"publish","type":"product","link":"https:\/\/gallaissports.com\/es\/producto\/jambiere-de-mordant-chiot-ou-adulte\/","title":{"rendered":"Calzas mordedoras de cachorro o adulto"},"content":{"rendered":"<p>Leggins mordedores para cachorro o adulto.<\/p>\n<p>Con su flexibilidad y su atractivo, este calentador de piernas te brindar\u00e1 una satisfacci\u00f3n total.<\/p>\n<p>Tanto en las fases de doma de tu cachorro destinado a competici\u00f3n como para perros adultos.<\/p>","protected":false},"excerpt":{"rendered":"<p>Jambi\u00e8re de mordant pour chiot ou adulte. Avec sa souplesse et son app\u00e9tence, cette jambi\u00e8re vous apportera une totale satisfaction. Aussi bien dans les phases de d\u00e9bourrage de votre chiot destin\u00e9 \u00e0 la comp\u00e9tition ou pour des chiens adultes.<\/p>","protected":false},"featured_media":5376,"comment_status":"open","ping_status":"closed","template":"","meta":[],"product_brand":[],"product_cat":[104],"product_tag":[],"class_list":{"0":"post-6577","1":"product","2":"type-product","3":"status-publish","4":"has-post-thumbnail","6":"product_cat-jambieres-manchettes","8":"first","9":"instock","10":"taxable","11":"shipping-taxable","12":"purchasable","13":"product-type-simple"},"jetpack_sharing_enabled":true,"_links":{"self":[{"href":"https:\/\/gallaissports.com\/es\/wp-json\/wp\/v2\/product\/6577","targetHints":{"allow":["GET"]}}],"collection":[{"href":"https:\/\/gallaissports.com\/es\/wp-json\/wp\/v2\/product"}],"about":[{"href":"https:\/\/gallaissports.com\/es\/wp-json\/wp\/v2\/types\/product"}],"replies":[{"embeddable":true,"href":"https:\/\/gallaissports.com\/es\/wp-json\/wp\/v2\/comments?post=6577"}],"wp:featuredmedia":[{"embeddable":true,"href":"https:\/\/gallaissports.com\/es\/wp-json\/wp\/v2\/media\/5376"}],"wp:attachment":[{"href":"https:\/\/gallaissports.com\/es\/wp-json\/wp\/v2\/media?parent=6577"}],"wp:term":[{"taxonomy":"product_brand","embeddable":true,"href":"https:\/\/gallaissports.com\/es\/wp-json\/wp\/v2\/product_brand?post=6577"},{"taxonomy":"product_cat","embeddable":true,"href":"https:\/\/gallaissports.com\/es\/wp-json\/wp\/v2\/product_cat?post=6577"},{"taxonomy":"product_tag","embeddable":true,"href":"https:\/\/gallaissports.com\/es\/wp-json\/wp\/v2\/product_tag?post=6577"}],"curies":[{"name":"wp","href":"https:\/\/api.w.org\/{rel}","templated":true}]}}