{"id":6579,"date":"2023-12-21T12:14:19","date_gmt":"2023-12-21T11:14:19","guid":{"rendered":"https:\/\/gallaissports.com\/?post_type=product&#038;p=6579"},"modified":"2023-12-21T12:14:26","modified_gmt":"2023-12-21T11:14:26","slug":"jogging-haut-bas","status":"publish","type":"product","link":"https:\/\/gallaissports.com\/es\/producto\/jogging-haut-bas\/","title":{"rendered":"Trotar arriba + abajo"},"content":{"rendered":"<p>Ideal durante el entrenamiento con su amigo de 4 patas o despu\u00e9s de hacer deporte disfrazado.<\/p>\n<p>Joggers muy c\u00f3modos arriba y abajo en algod\u00f3n 100%<\/p>","protected":false},"excerpt":{"rendered":"<p>Id\u00e9al pendant l&#8217;entra\u00eenement avec son compagnon \u00e0 4 pattes ou apr\u00e8s le sport en costume. Jogging haut et bas tr\u00e8s confortable en 100% coton<\/p>","protected":false},"featured_media":5401,"comment_status":"open","ping_status":"closed","template":"","meta":[],"product_brand":[],"product_cat":[100],"product_tag":[],"class_list":{"0":"post-6579","1":"product","2":"type-product","3":"status-publish","4":"has-post-thumbnail","6":"product_cat-pret-a-porter-gallais","8":"first","9":"instock","10":"taxable","11":"shipping-taxable","12":"purchasable","13":"product-type-simple"},"jetpack_sharing_enabled":true,"_links":{"self":[{"href":"https:\/\/gallaissports.com\/es\/wp-json\/wp\/v2\/product\/6579","targetHints":{"allow":["GET"]}}],"collection":[{"href":"https:\/\/gallaissports.com\/es\/wp-json\/wp\/v2\/product"}],"about":[{"href":"https:\/\/gallaissports.com\/es\/wp-json\/wp\/v2\/types\/product"}],"replies":[{"embeddable":true,"href":"https:\/\/gallaissports.com\/es\/wp-json\/wp\/v2\/comments?post=6579"}],"wp:featuredmedia":[{"embeddable":true,"href":"https:\/\/gallaissports.com\/es\/wp-json\/wp\/v2\/media\/5401"}],"wp:attachment":[{"href":"https:\/\/gallaissports.com\/es\/wp-json\/wp\/v2\/media?parent=6579"}],"wp:term":[{"taxonomy":"product_brand","embeddable":true,"href":"https:\/\/gallaissports.com\/es\/wp-json\/wp\/v2\/product_brand?post=6579"},{"taxonomy":"product_cat","embeddable":true,"href":"https:\/\/gallaissports.com\/es\/wp-json\/wp\/v2\/product_cat?post=6579"},{"taxonomy":"product_tag","embeddable":true,"href":"https:\/\/gallaissports.com\/es\/wp-json\/wp\/v2\/product_tag?post=6579"}],"curies":[{"name":"wp","href":"https:\/\/api.w.org\/{rel}","templated":true}]}}