{"id":6592,"date":"2023-12-21T12:14:22","date_gmt":"2023-12-21T11:14:22","guid":{"rendered":"https:\/\/gallaissports.com\/?post_type=product&#038;p=6592"},"modified":"2024-08-05T16:18:56","modified_gmt":"2024-08-05T14:18:56","slug":"baton-bambou-brut","status":"publish","type":"product","link":"https:\/\/gallaissports.com\/es\/producto\/baton-bambou-brut\/","title":{"rendered":"Palo de bamb\u00fa crudo"},"content":{"rendered":"<p>Bambou non fendu.<\/p>\n<p>Peut-\u00eatre fendu avec nos coupes bambou 4 ou 6sextions (vendu s\u00e9par\u00e9ment).<\/p>","protected":false},"excerpt":{"rendered":"<p>Bambou non fendu. Peut-\u00eatre fendu avec nos coupes bambou 4 ou 6sextions (vendu s\u00e9par\u00e9ment).<\/p>","protected":false},"featured_media":7368,"comment_status":"closed","ping_status":"closed","template":"","meta":[],"product_brand":[],"product_cat":[98],"product_tag":[],"class_list":{"0":"post-6592","1":"product","2":"type-product","3":"status-publish","4":"has-post-thumbnail","6":"product_cat-accessoires","8":"first","9":"instock","10":"taxable","11":"shipping-taxable","12":"purchasable","13":"product-type-simple"},"jetpack_sharing_enabled":true,"_links":{"self":[{"href":"https:\/\/gallaissports.com\/es\/wp-json\/wp\/v2\/product\/6592","targetHints":{"allow":["GET"]}}],"collection":[{"href":"https:\/\/gallaissports.com\/es\/wp-json\/wp\/v2\/product"}],"about":[{"href":"https:\/\/gallaissports.com\/es\/wp-json\/wp\/v2\/types\/product"}],"replies":[{"embeddable":true,"href":"https:\/\/gallaissports.com\/es\/wp-json\/wp\/v2\/comments?post=6592"}],"wp:featuredmedia":[{"embeddable":true,"href":"https:\/\/gallaissports.com\/es\/wp-json\/wp\/v2\/media\/7368"}],"wp:attachment":[{"href":"https:\/\/gallaissports.com\/es\/wp-json\/wp\/v2\/media?parent=6592"}],"wp:term":[{"taxonomy":"product_brand","embeddable":true,"href":"https:\/\/gallaissports.com\/es\/wp-json\/wp\/v2\/product_brand?post=6592"},{"taxonomy":"product_cat","embeddable":true,"href":"https:\/\/gallaissports.com\/es\/wp-json\/wp\/v2\/product_cat?post=6592"},{"taxonomy":"product_tag","embeddable":true,"href":"https:\/\/gallaissports.com\/es\/wp-json\/wp\/v2\/product_tag?post=6592"}],"curies":[{"name":"wp","href":"https:\/\/api.w.org\/{rel}","templated":true}]}}