{"id":6926,"date":"2024-02-05T09:30:49","date_gmt":"2024-02-05T08:30:49","guid":{"rendered":"https:\/\/gallaissports.com\/?post_type=product&#038;p=6926"},"modified":"2024-09-11T10:46:30","modified_gmt":"2024-09-11T08:46:30","slug":"jambiere-en-jute-n1","status":"publish","type":"product","link":"https:\/\/gallaissports.com\/es\/producto\/jambiere-en-jute-n1\/","title":{"rendered":"Jambi\u00e8re en jute &#8211; au dessus du genoux n\u00b01"},"content":{"rendered":"<p>Jambi\u00e8re en jute id\u00e9ale pour jeune chiot et d\u00e9bourrage au mordant.<\/p>","protected":false},"excerpt":{"rendered":"<p>Jambi\u00e8re en jute id\u00e9ale pour jeune chiot et d\u00e9bourrage au mordant.<\/p>","protected":false},"featured_media":6970,"comment_status":"closed","ping_status":"closed","template":"","meta":[],"product_brand":[],"product_cat":[104],"product_tag":[],"class_list":{"0":"post-6926","1":"product","2":"type-product","3":"status-publish","4":"has-post-thumbnail","6":"product_cat-jambieres-manchettes","8":"first","9":"instock","10":"taxable","11":"shipping-taxable","12":"purchasable","13":"product-type-simple"},"jetpack_sharing_enabled":true,"_links":{"self":[{"href":"https:\/\/gallaissports.com\/es\/wp-json\/wp\/v2\/product\/6926","targetHints":{"allow":["GET"]}}],"collection":[{"href":"https:\/\/gallaissports.com\/es\/wp-json\/wp\/v2\/product"}],"about":[{"href":"https:\/\/gallaissports.com\/es\/wp-json\/wp\/v2\/types\/product"}],"replies":[{"embeddable":true,"href":"https:\/\/gallaissports.com\/es\/wp-json\/wp\/v2\/comments?post=6926"}],"wp:featuredmedia":[{"embeddable":true,"href":"https:\/\/gallaissports.com\/es\/wp-json\/wp\/v2\/media\/6970"}],"wp:attachment":[{"href":"https:\/\/gallaissports.com\/es\/wp-json\/wp\/v2\/media?parent=6926"}],"wp:term":[{"taxonomy":"product_brand","embeddable":true,"href":"https:\/\/gallaissports.com\/es\/wp-json\/wp\/v2\/product_brand?post=6926"},{"taxonomy":"product_cat","embeddable":true,"href":"https:\/\/gallaissports.com\/es\/wp-json\/wp\/v2\/product_cat?post=6926"},{"taxonomy":"product_tag","embeddable":true,"href":"https:\/\/gallaissports.com\/es\/wp-json\/wp\/v2\/product_tag?post=6926"}],"curies":[{"name":"wp","href":"https:\/\/api.w.org\/{rel}","templated":true}]}}