{"id":8412,"date":"2024-08-14T13:06:17","date_gmt":"2024-08-14T11:06:17","guid":{"rendered":"https:\/\/gallaissports.com\/?post_type=product&#038;p=8412"},"modified":"2024-08-14T13:29:43","modified_gmt":"2024-08-14T11:29:43","slug":"jambette-jute-et-synthetique-pour-chiot","status":"publish","type":"product","link":"https:\/\/gallaissports.com\/es\/producto\/jambette-jute-et-synthetique-pour-chiot\/","title":{"rendered":"Calentadores de piernas para cachorros de yute y sint\u00e9tico"},"content":{"rendered":"<p>Jambette avec une surface de mordant en jute et synth\u00e9tique. Id\u00e9ale pour les chiots. Ce produit s&#8217;adresse \u00e0 des utilisateurs plus fr\u00e9quent et qui souhaite une usure moins rapide de leur produit.<\/p>","protected":false},"excerpt":{"rendered":"<p>Jambette mi jute synth\u00e9tique pour chiot<\/p>","protected":false},"featured_media":8397,"comment_status":"closed","ping_status":"closed","template":"","meta":[],"product_brand":[],"product_cat":[104],"product_tag":[],"class_list":{"0":"post-8412","1":"product","2":"type-product","3":"status-publish","4":"has-post-thumbnail","6":"product_cat-jambieres-manchettes","8":"first","9":"instock","10":"taxable","11":"shipping-taxable","12":"purchasable","13":"product-type-simple"},"jetpack_sharing_enabled":true,"_links":{"self":[{"href":"https:\/\/gallaissports.com\/es\/wp-json\/wp\/v2\/product\/8412","targetHints":{"allow":["GET"]}}],"collection":[{"href":"https:\/\/gallaissports.com\/es\/wp-json\/wp\/v2\/product"}],"about":[{"href":"https:\/\/gallaissports.com\/es\/wp-json\/wp\/v2\/types\/product"}],"replies":[{"embeddable":true,"href":"https:\/\/gallaissports.com\/es\/wp-json\/wp\/v2\/comments?post=8412"}],"wp:featuredmedia":[{"embeddable":true,"href":"https:\/\/gallaissports.com\/es\/wp-json\/wp\/v2\/media\/8397"}],"wp:attachment":[{"href":"https:\/\/gallaissports.com\/es\/wp-json\/wp\/v2\/media?parent=8412"}],"wp:term":[{"taxonomy":"product_brand","embeddable":true,"href":"https:\/\/gallaissports.com\/es\/wp-json\/wp\/v2\/product_brand?post=8412"},{"taxonomy":"product_cat","embeddable":true,"href":"https:\/\/gallaissports.com\/es\/wp-json\/wp\/v2\/product_cat?post=8412"},{"taxonomy":"product_tag","embeddable":true,"href":"https:\/\/gallaissports.com\/es\/wp-json\/wp\/v2\/product_tag?post=8412"}],"curies":[{"name":"wp","href":"https:\/\/api.w.org\/{rel}","templated":true}]}}