{"id":8440,"date":"2024-09-11T10:36:48","date_gmt":"2024-09-11T08:36:48","guid":{"rendered":"https:\/\/gallaissports.com\/?post_type=product&#038;p=8440"},"modified":"2024-09-11T10:37:56","modified_gmt":"2024-09-11T08:37:56","slug":"jambiere-en-jute-au-dessus-du-genoux-n2","status":"publish","type":"product","link":"https:\/\/gallaissports.com\/es\/producto\/jambiere-en-jute-au-dessus-du-genoux-n2\/","title":{"rendered":"Jambi\u00e8re en jute (au dessus du genoux) n\u00b02"},"content":{"rendered":"<p>Jambi\u00e8re en jute id\u00e9ale pour jeune chiot et d\u00e9bourrage au mordant.<\/p>","protected":false},"excerpt":{"rendered":"<p>Jambi\u00e8re en jute id\u00e9ale pour jeune chiot et d\u00e9bourrage au mordant.<\/p>","protected":false},"featured_media":6970,"comment_status":"closed","ping_status":"closed","template":"","meta":[],"product_brand":[],"product_cat":[104],"product_tag":[],"class_list":{"0":"post-8440","1":"product","2":"type-product","3":"status-publish","4":"has-post-thumbnail","6":"product_cat-jambieres-manchettes","8":"first","9":"instock","10":"taxable","11":"shipping-taxable","12":"purchasable","13":"product-type-simple"},"jetpack_sharing_enabled":true,"_links":{"self":[{"href":"https:\/\/gallaissports.com\/es\/wp-json\/wp\/v2\/product\/8440","targetHints":{"allow":["GET"]}}],"collection":[{"href":"https:\/\/gallaissports.com\/es\/wp-json\/wp\/v2\/product"}],"about":[{"href":"https:\/\/gallaissports.com\/es\/wp-json\/wp\/v2\/types\/product"}],"replies":[{"embeddable":true,"href":"https:\/\/gallaissports.com\/es\/wp-json\/wp\/v2\/comments?post=8440"}],"wp:featuredmedia":[{"embeddable":true,"href":"https:\/\/gallaissports.com\/es\/wp-json\/wp\/v2\/media\/6970"}],"wp:attachment":[{"href":"https:\/\/gallaissports.com\/es\/wp-json\/wp\/v2\/media?parent=8440"}],"wp:term":[{"taxonomy":"product_brand","embeddable":true,"href":"https:\/\/gallaissports.com\/es\/wp-json\/wp\/v2\/product_brand?post=8440"},{"taxonomy":"product_cat","embeddable":true,"href":"https:\/\/gallaissports.com\/es\/wp-json\/wp\/v2\/product_cat?post=8440"},{"taxonomy":"product_tag","embeddable":true,"href":"https:\/\/gallaissports.com\/es\/wp-json\/wp\/v2\/product_tag?post=8440"}],"curies":[{"name":"wp","href":"https:\/\/api.w.org\/{rel}","templated":true}]}}