{"id":9166,"date":"2024-12-26T10:30:37","date_gmt":"2024-12-26T09:30:37","guid":{"rendered":"https:\/\/gallaissports.com\/?post_type=product&#038;p=9166"},"modified":"2024-12-26T11:03:26","modified_gmt":"2024-12-26T10:03:26","slug":"boudin-18-cm","status":"publish","type":"product","link":"https:\/\/gallaissports.com\/es\/producto\/boudin-18-cm\/","title":{"rendered":"Boudin 18 cm"},"content":{"rendered":"<p>Boudin pour r\u00e9compenser son chien. Accessoire id\u00e9al afin de r\u00e9compenser et conserver une bonne motivation dans le travail. Couleur al\u00e9atoire.<\/p>","protected":false},"excerpt":{"rendered":"<p>Boudin pour r\u00e9compenser son chien. Accessoire id\u00e9al afin de r\u00e9compenser et conserver une bonne motivation dans le travail. Couleur al\u00e9atoire.<\/p>","protected":false},"featured_media":9174,"comment_status":"closed","ping_status":"closed","template":"","meta":[],"product_brand":[],"product_cat":[104],"product_tag":[],"class_list":{"0":"post-9166","1":"product","2":"type-product","3":"status-publish","4":"has-post-thumbnail","6":"product_cat-jambieres-manchettes","8":"first","9":"instock","10":"taxable","11":"shipping-taxable","12":"purchasable","13":"product-type-simple"},"jetpack_sharing_enabled":true,"_links":{"self":[{"href":"https:\/\/gallaissports.com\/es\/wp-json\/wp\/v2\/product\/9166","targetHints":{"allow":["GET"]}}],"collection":[{"href":"https:\/\/gallaissports.com\/es\/wp-json\/wp\/v2\/product"}],"about":[{"href":"https:\/\/gallaissports.com\/es\/wp-json\/wp\/v2\/types\/product"}],"replies":[{"embeddable":true,"href":"https:\/\/gallaissports.com\/es\/wp-json\/wp\/v2\/comments?post=9166"}],"wp:featuredmedia":[{"embeddable":true,"href":"https:\/\/gallaissports.com\/es\/wp-json\/wp\/v2\/media\/9174"}],"wp:attachment":[{"href":"https:\/\/gallaissports.com\/es\/wp-json\/wp\/v2\/media?parent=9166"}],"wp:term":[{"taxonomy":"product_brand","embeddable":true,"href":"https:\/\/gallaissports.com\/es\/wp-json\/wp\/v2\/product_brand?post=9166"},{"taxonomy":"product_cat","embeddable":true,"href":"https:\/\/gallaissports.com\/es\/wp-json\/wp\/v2\/product_cat?post=9166"},{"taxonomy":"product_tag","embeddable":true,"href":"https:\/\/gallaissports.com\/es\/wp-json\/wp\/v2\/product_tag?post=9166"}],"curies":[{"name":"wp","href":"https:\/\/api.w.org\/{rel}","templated":true}]}}