{"id":9439,"date":"2025-01-16T17:27:02","date_gmt":"2025-01-16T16:27:02","guid":{"rendered":"https:\/\/gallaissports.com\/?post_type=product&#038;p=9439"},"modified":"2025-12-26T11:57:32","modified_gmt":"2025-12-26T10:57:32","slug":"veste-de-conducteur-kaki-et-noir-manches-et-capuches-amovibles","status":"publish","type":"product","link":"https:\/\/gallaissports.com\/es\/producto\/veste-de-conducteur-kaki-et-noir-manches-et-capuches-amovibles\/","title":{"rendered":"Veste de conducteur kaki et noir &#8211; manches et capuches amovibles"},"content":{"rendered":"<p>Veste de conducteur d\u00e9di\u00e9e aux sports canins. Deux poches \u00e0 fermeture \u00e9clair \u00e0 l&#8217;avant au niveau de la poitrine, deux grandes poches sur les hanches pour les objets, grande poche kangourou \u00e0 l&#8217;arri\u00e8re, deux boucles \u00e0 l&#8217;arri\u00e8re pour accrocher vos accessoires.<br \/>\nCapuche et manches amovibles. Logo Gallais brod\u00e9 sur la poitrine et dans le dos.<\/p>\n<p>Vous pouvez personnaliser votre produit avec un nom ou un logo. Pensez \u00e0 l&#8217;ajouter \u00e0 votre commande svp<\/p>","protected":false},"excerpt":{"rendered":"<p>Veste de conducteur Deux couleurs au choix. Deux poches ferm\u00e9es \u00e0 l&#8217;avant au niveau de la poitrine, deux grandes poches sur les hanches pour les objets, grande poche arri\u00e8re, deux boucles \u00e0 l&#8217;arri\u00e8re pour accrocher vos accessoires, Veste conducteur 2 couleurs Gallais. Capuche et manches amovibles.<\/p>\n<p>Vous pouvez personnaliser votre produit avec un nom ou un logo. Pensez \u00e0 l&#8217;ajouter \u00e0 votre commande svp<\/p>","protected":false},"featured_media":9422,"comment_status":"closed","ping_status":"closed","template":"","meta":[],"product_brand":[],"product_cat":[101],"product_tag":[],"class_list":{"0":"post-9439","1":"product","2":"type-product","3":"status-publish","4":"has-post-thumbnail","6":"product_cat-conducteur","8":"first","9":"instock","10":"taxable","11":"shipping-taxable","12":"purchasable","13":"product-type-variable"},"jetpack_sharing_enabled":true,"_links":{"self":[{"href":"https:\/\/gallaissports.com\/es\/wp-json\/wp\/v2\/product\/9439","targetHints":{"allow":["GET"]}}],"collection":[{"href":"https:\/\/gallaissports.com\/es\/wp-json\/wp\/v2\/product"}],"about":[{"href":"https:\/\/gallaissports.com\/es\/wp-json\/wp\/v2\/types\/product"}],"replies":[{"embeddable":true,"href":"https:\/\/gallaissports.com\/es\/wp-json\/wp\/v2\/comments?post=9439"}],"wp:featuredmedia":[{"embeddable":true,"href":"https:\/\/gallaissports.com\/es\/wp-json\/wp\/v2\/media\/9422"}],"wp:attachment":[{"href":"https:\/\/gallaissports.com\/es\/wp-json\/wp\/v2\/media?parent=9439"}],"wp:term":[{"taxonomy":"product_brand","embeddable":true,"href":"https:\/\/gallaissports.com\/es\/wp-json\/wp\/v2\/product_brand?post=9439"},{"taxonomy":"product_cat","embeddable":true,"href":"https:\/\/gallaissports.com\/es\/wp-json\/wp\/v2\/product_cat?post=9439"},{"taxonomy":"product_tag","embeddable":true,"href":"https:\/\/gallaissports.com\/es\/wp-json\/wp\/v2\/product_tag?post=9439"}],"curies":[{"name":"wp","href":"https:\/\/api.w.org\/{rel}","templated":true}]}}