{"id":9500,"date":"2025-01-20T14:22:33","date_gmt":"2025-01-20T13:22:33","guid":{"rendered":"https:\/\/gallaissports.com\/?post_type=product&#038;p=9500"},"modified":"2025-06-02T14:11:16","modified_gmt":"2025-06-02T12:11:16","slug":"pull-a-capuche-broderie-valise-rouge-et-blanc","status":"publish","type":"product","link":"https:\/\/gallaissports.com\/es\/producto\/pull-a-capuche-broderie-valise-rouge-et-blanc\/","title":{"rendered":"Pull \u00e0 capuche broderie valise &#8211; Rouge et blanc"},"content":{"rendered":"<p>Pull \u00e0 capuche Gallais avec broderie valise sur le devant. Excellente qualit\u00e9 et finitions.<br \/>\nGrande poche kangourou \u00e0 l&#8217;avant.<\/p>","protected":false},"excerpt":{"rendered":"<p>Pull avec capuche et poche kangourou.<\/p>\n<p>Motif valise<\/p>","protected":false},"featured_media":9567,"comment_status":"closed","ping_status":"closed","template":"","meta":[],"product_brand":[],"product_cat":[100],"product_tag":[],"class_list":{"0":"post-9500","1":"product","2":"type-product","3":"status-publish","4":"has-post-thumbnail","6":"product_cat-pret-a-porter-gallais","8":"first","9":"instock","10":"taxable","11":"shipping-taxable","12":"purchasable","13":"product-type-variable"},"jetpack_sharing_enabled":true,"_links":{"self":[{"href":"https:\/\/gallaissports.com\/es\/wp-json\/wp\/v2\/product\/9500","targetHints":{"allow":["GET"]}}],"collection":[{"href":"https:\/\/gallaissports.com\/es\/wp-json\/wp\/v2\/product"}],"about":[{"href":"https:\/\/gallaissports.com\/es\/wp-json\/wp\/v2\/types\/product"}],"replies":[{"embeddable":true,"href":"https:\/\/gallaissports.com\/es\/wp-json\/wp\/v2\/comments?post=9500"}],"wp:featuredmedia":[{"embeddable":true,"href":"https:\/\/gallaissports.com\/es\/wp-json\/wp\/v2\/media\/9567"}],"wp:attachment":[{"href":"https:\/\/gallaissports.com\/es\/wp-json\/wp\/v2\/media?parent=9500"}],"wp:term":[{"taxonomy":"product_brand","embeddable":true,"href":"https:\/\/gallaissports.com\/es\/wp-json\/wp\/v2\/product_brand?post=9500"},{"taxonomy":"product_cat","embeddable":true,"href":"https:\/\/gallaissports.com\/es\/wp-json\/wp\/v2\/product_cat?post=9500"},{"taxonomy":"product_tag","embeddable":true,"href":"https:\/\/gallaissports.com\/es\/wp-json\/wp\/v2\/product_tag?post=9500"}],"curies":[{"name":"wp","href":"https:\/\/api.w.org\/{rel}","templated":true}]}}