{"id":9598,"date":"2025-01-22T14:04:25","date_gmt":"2025-01-22T13:04:25","guid":{"rendered":"https:\/\/gallaissports.com\/?post_type=product&#038;p=9598"},"modified":"2025-01-22T14:05:11","modified_gmt":"2025-01-22T13:05:11","slug":"manteau-dhiver-k9-rose","status":"publish","type":"product","link":"https:\/\/gallaissports.com\/es\/producto\/manteau-dhiver-k9-rose\/","title":{"rendered":"Manteau d&#8217;hiver K9 &#8211; Rose"},"content":{"rendered":"<p>Un blouson imperm\u00e9able et chaud utile lors de vos entrainements, concours ou balades.<br \/>\nLogo Gallais blanc\/vert sur la poitrine et dans le dos.<\/p>\n<p>Fermeture \u00e9claire double permettant de l&#8217;ouvrir vers le haut ou vers le bas. Ceintrage r\u00e9glable aux hanches.<\/p>\n<p>Comporte de nombreuses poches: 2 poches zipp\u00e9es poitrine, 2 poches zipp\u00e9es hanche, 2 poches hanche ouvertes, 1 poche zipp\u00e9e bras,\u00a0 \u00e0 l&#8217;int\u00e9rieur 2 poches dont une zipp\u00e9e et une poche arri\u00e8re kangourou qui se ferme.<\/p>\n<p>2 anneaux permettant d&#8217;accrocher des accessoires ou laisses.<\/p>","protected":false},"excerpt":{"rendered":"<p>Un blouson imperm\u00e9able et chaud utiles lors de vos entrainements, concours ou balades.<br \/>\nLogo Gallais blanc\/vert sur la poitrine et dans le dos.<\/p>\n<p>Fermeture \u00e9claire double permettant de l&#8217;ouvrir vers le haut ou vers le bas. Ceintrage r\u00e9glable aux hanches.<\/p>\n<p>Comporte de nombreuses poches: 2 poches zipp\u00e9es poitrine, 2 poches zipp\u00e9es hanche, 2 poches hanche ouvertes, 1 poche zipp\u00e9e bras,\u00a0 \u00e0 l&#8217;int\u00e9rieur 2 poches dont une zipp\u00e9e et une poche arri\u00e8re kangourou qui se ferme.<\/p>\n<p>2 anneaux permettant d&#8217;accrocher des accessoires ou laisses.<\/p>","protected":false},"featured_media":7370,"comment_status":"closed","ping_status":"closed","template":"","meta":[],"product_brand":[],"product_cat":[100],"product_tag":[],"class_list":{"0":"post-9598","1":"product","2":"type-product","3":"status-publish","4":"has-post-thumbnail","6":"product_cat-pret-a-porter-gallais","8":"first","9":"instock","10":"taxable","11":"shipping-taxable","12":"purchasable","13":"product-type-variable"},"jetpack_sharing_enabled":true,"_links":{"self":[{"href":"https:\/\/gallaissports.com\/es\/wp-json\/wp\/v2\/product\/9598","targetHints":{"allow":["GET"]}}],"collection":[{"href":"https:\/\/gallaissports.com\/es\/wp-json\/wp\/v2\/product"}],"about":[{"href":"https:\/\/gallaissports.com\/es\/wp-json\/wp\/v2\/types\/product"}],"replies":[{"embeddable":true,"href":"https:\/\/gallaissports.com\/es\/wp-json\/wp\/v2\/comments?post=9598"}],"wp:featuredmedia":[{"embeddable":true,"href":"https:\/\/gallaissports.com\/es\/wp-json\/wp\/v2\/media\/7370"}],"wp:attachment":[{"href":"https:\/\/gallaissports.com\/es\/wp-json\/wp\/v2\/media?parent=9598"}],"wp:term":[{"taxonomy":"product_brand","embeddable":true,"href":"https:\/\/gallaissports.com\/es\/wp-json\/wp\/v2\/product_brand?post=9598"},{"taxonomy":"product_cat","embeddable":true,"href":"https:\/\/gallaissports.com\/es\/wp-json\/wp\/v2\/product_cat?post=9598"},{"taxonomy":"product_tag","embeddable":true,"href":"https:\/\/gallaissports.com\/es\/wp-json\/wp\/v2\/product_tag?post=9598"}],"curies":[{"name":"wp","href":"https:\/\/api.w.org\/{rel}","templated":true}]}}