{"id":9605,"date":"2025-01-22T14:09:47","date_gmt":"2025-01-22T13:09:47","guid":{"rendered":"https:\/\/gallaissports.com\/?post_type=product&#038;p=9605"},"modified":"2025-08-27T01:37:36","modified_gmt":"2025-08-26T23:37:36","slug":"triangle-de-musculation-avec-des-poids-reglables-pour-chien","status":"publish","type":"product","link":"https:\/\/gallaissports.com\/es\/producto\/triangle-de-musculation-avec-des-poids-reglables-pour-chien\/","title":{"rendered":"Triangle de musculation avec des poids r\u00e9glables pour chien"},"content":{"rendered":"<p>Accessoire obligatoire pour tous les chiens pratiquant des sports canins. Il permet au chien \u00e0 bien apprendre \u00e0 respirer par le nez et \u00e0 se muscler le cou afin de pr\u00e9venir les blessures.<br \/>\nTriangle r\u00e9glable par palier de 500gr jusqu&#8217;\u00e0 atteindre 3kg.<\/p>","protected":false},"excerpt":{"rendered":"<p>Coussin 3 poign\u00e9es<\/p>","protected":false},"featured_media":8407,"comment_status":"closed","ping_status":"closed","template":"","meta":[],"product_brand":[],"product_cat":[98],"product_tag":[],"class_list":{"0":"post-9605","1":"product","2":"type-product","3":"status-publish","4":"has-post-thumbnail","6":"product_cat-accessoires","8":"first","9":"instock","10":"taxable","11":"shipping-taxable","12":"purchasable","13":"product-type-simple"},"jetpack_sharing_enabled":true,"_links":{"self":[{"href":"https:\/\/gallaissports.com\/es\/wp-json\/wp\/v2\/product\/9605","targetHints":{"allow":["GET"]}}],"collection":[{"href":"https:\/\/gallaissports.com\/es\/wp-json\/wp\/v2\/product"}],"about":[{"href":"https:\/\/gallaissports.com\/es\/wp-json\/wp\/v2\/types\/product"}],"replies":[{"embeddable":true,"href":"https:\/\/gallaissports.com\/es\/wp-json\/wp\/v2\/comments?post=9605"}],"wp:featuredmedia":[{"embeddable":true,"href":"https:\/\/gallaissports.com\/es\/wp-json\/wp\/v2\/media\/8407"}],"wp:attachment":[{"href":"https:\/\/gallaissports.com\/es\/wp-json\/wp\/v2\/media?parent=9605"}],"wp:term":[{"taxonomy":"product_brand","embeddable":true,"href":"https:\/\/gallaissports.com\/es\/wp-json\/wp\/v2\/product_brand?post=9605"},{"taxonomy":"product_cat","embeddable":true,"href":"https:\/\/gallaissports.com\/es\/wp-json\/wp\/v2\/product_cat?post=9605"},{"taxonomy":"product_tag","embeddable":true,"href":"https:\/\/gallaissports.com\/es\/wp-json\/wp\/v2\/product_tag?post=9605"}],"curies":[{"name":"wp","href":"https:\/\/api.w.org\/{rel}","templated":true}]}}