{"id":9716,"date":"2025-04-15T15:54:13","date_gmt":"2025-04-15T13:54:13","guid":{"rendered":"https:\/\/gallaissports.com\/?post_type=product&#038;p=9716"},"modified":"2025-04-15T15:54:14","modified_gmt":"2025-04-15T13:54:14","slug":"fleece-noir","status":"publish","type":"product","link":"https:\/\/gallaissports.com\/es\/producto\/fleece-noir\/","title":{"rendered":"Fleece Noir"},"content":{"rendered":"<p><img loading=\"lazy\" decoding=\"async\" class=\"alignnone size-medium wp-image-9717\" src=\"https:\/\/gallaissports.com\/wp-content\/uploads\/2025\/04\/FleeceNoir1-170x300.png\" alt=\"\" width=\"170\" height=\"300\" srcset=\"https:\/\/gallaissports.com\/wp-content\/uploads\/2025\/04\/FleeceNoir1-170x300.png 170w, https:\/\/gallaissports.com\/wp-content\/uploads\/2025\/04\/FleeceNoir1-7x12.png 7w, https:\/\/gallaissports.com\/wp-content\/uploads\/2025\/04\/FleeceNoir1-103x182.png 103w, https:\/\/gallaissports.com\/wp-content\/uploads\/2025\/04\/FleeceNoir1.png 181w\" sizes=\"auto, (max-width: 170px) 100vw, 170px\" \/><img loading=\"lazy\" decoding=\"async\" class=\"alignnone size-medium wp-image-9718\" src=\"https:\/\/gallaissports.com\/wp-content\/uploads\/2025\/04\/Fleecenoir2-188x300.png\" alt=\"\" width=\"188\" height=\"300\" srcset=\"https:\/\/gallaissports.com\/wp-content\/uploads\/2025\/04\/Fleecenoir2-188x300.png 188w, https:\/\/gallaissports.com\/wp-content\/uploads\/2025\/04\/Fleecenoir2-8x12.png 8w, https:\/\/gallaissports.com\/wp-content\/uploads\/2025\/04\/Fleecenoir2-114x182.png 114w, https:\/\/gallaissports.com\/wp-content\/uploads\/2025\/04\/Fleecenoir2.png 201w\" sizes=\"auto, (max-width: 188px) 100vw, 188px\" \/><img loading=\"lazy\" decoding=\"async\" class=\"alignnone size-medium wp-image-9719\" src=\"https:\/\/gallaissports.com\/wp-content\/uploads\/2025\/04\/FleeceNoir3-191x300.png\" alt=\"\" width=\"191\" height=\"300\" srcset=\"https:\/\/gallaissports.com\/wp-content\/uploads\/2025\/04\/FleeceNoir3-191x300.png 191w, https:\/\/gallaissports.com\/wp-content\/uploads\/2025\/04\/FleeceNoir3-8x12.png 8w, https:\/\/gallaissports.com\/wp-content\/uploads\/2025\/04\/FleeceNoir3-116x182.png 116w, https:\/\/gallaissports.com\/wp-content\/uploads\/2025\/04\/FleeceNoir3.png 204w\" sizes=\"auto, (max-width: 191px) 100vw, 191px\" \/> <img loading=\"lazy\" decoding=\"async\" class=\"alignnone size-medium wp-image-9726\" src=\"https:\/\/gallaissports.com\/wp-content\/uploads\/2025\/04\/Fleecenoir4-197x300.png\" alt=\"\" width=\"197\" height=\"300\" srcset=\"https:\/\/gallaissports.com\/wp-content\/uploads\/2025\/04\/Fleecenoir4-197x300.png 197w, https:\/\/gallaissports.com\/wp-content\/uploads\/2025\/04\/Fleecenoir4-8x12.png 8w, https:\/\/gallaissports.com\/wp-content\/uploads\/2025\/04\/Fleecenoir4-119x182.png 119w, https:\/\/gallaissports.com\/wp-content\/uploads\/2025\/04\/Fleecenoir4.png 210w\" sizes=\"auto, (max-width: 197px) 100vw, 197px\" \/><img loading=\"lazy\" decoding=\"async\" class=\"alignnone size-medium wp-image-9727\" src=\"https:\/\/gallaissports.com\/wp-content\/uploads\/2025\/04\/Fleecenoir5-166x300.png\" alt=\"\" width=\"166\" height=\"300\" srcset=\"https:\/\/gallaissports.com\/wp-content\/uploads\/2025\/04\/Fleecenoir5-166x300.png 166w, https:\/\/gallaissports.com\/wp-content\/uploads\/2025\/04\/Fleecenoir5-7x12.png 7w, https:\/\/gallaissports.com\/wp-content\/uploads\/2025\/04\/Fleecenoir5-101x182.png 101w, https:\/\/gallaissports.com\/wp-content\/uploads\/2025\/04\/Fleecenoir5.png 177w\" sizes=\"auto, (max-width: 166px) 100vw, 166px\" \/><\/p>","protected":false},"excerpt":{"rendered":"<div class=\"woocommerce-product-details__short-description\">\n<p class=\"\" data-start=\"275\" data-end=\"606\">Con\u00e7u pour allier chaleur, l\u00e9g\u00e8ret\u00e9 et praticit\u00e9, notre <strong data-start=\"331\" data-end=\"349\">fleece <\/strong>est le compagnon id\u00e9al pour affronter les journ\u00e9es fra\u00eeches. Fabriqu\u00e9 en <strong data-start=\"456\" data-end=\"499\">mati\u00e8re synth\u00e9tique douce et respirante<\/strong>, ce gilet offre une isolation thermique optimale tout en garantissant une excellente libert\u00e9 de mouvement.<\/p>\n<p class=\"\" data-start=\"608\" data-end=\"929\">C\u00f4t\u00e9 design, il mise sur la simplicit\u00e9 efficace : <strong data-start=\"658\" data-end=\"679\">deux poches avant<\/strong> pour et <strong data-start=\"737\" data-end=\"767\">une poche arri\u00e8re discr\u00e8te<\/strong>. Sa coupe moderne et l\u00e9g\u00e8rement ajust\u00e9e s\u2019adapte \u00e0 toutes les morphologies.<\/p>\n<\/div>","protected":false},"featured_media":9717,"comment_status":"closed","ping_status":"closed","template":"","meta":[],"product_brand":[],"product_cat":[100],"product_tag":[],"class_list":{"0":"post-9716","1":"product","2":"type-product","3":"status-publish","4":"has-post-thumbnail","6":"product_cat-pret-a-porter-gallais","8":"first","9":"instock","10":"taxable","11":"shipping-taxable","12":"purchasable","13":"product-type-variable"},"jetpack_sharing_enabled":true,"_links":{"self":[{"href":"https:\/\/gallaissports.com\/es\/wp-json\/wp\/v2\/product\/9716","targetHints":{"allow":["GET"]}}],"collection":[{"href":"https:\/\/gallaissports.com\/es\/wp-json\/wp\/v2\/product"}],"about":[{"href":"https:\/\/gallaissports.com\/es\/wp-json\/wp\/v2\/types\/product"}],"replies":[{"embeddable":true,"href":"https:\/\/gallaissports.com\/es\/wp-json\/wp\/v2\/comments?post=9716"}],"wp:featuredmedia":[{"embeddable":true,"href":"https:\/\/gallaissports.com\/es\/wp-json\/wp\/v2\/media\/9717"}],"wp:attachment":[{"href":"https:\/\/gallaissports.com\/es\/wp-json\/wp\/v2\/media?parent=9716"}],"wp:term":[{"taxonomy":"product_brand","embeddable":true,"href":"https:\/\/gallaissports.com\/es\/wp-json\/wp\/v2\/product_brand?post=9716"},{"taxonomy":"product_cat","embeddable":true,"href":"https:\/\/gallaissports.com\/es\/wp-json\/wp\/v2\/product_cat?post=9716"},{"taxonomy":"product_tag","embeddable":true,"href":"https:\/\/gallaissports.com\/es\/wp-json\/wp\/v2\/product_tag?post=9716"}],"curies":[{"name":"wp","href":"https:\/\/api.w.org\/{rel}","templated":true}]}}