{"id":9728,"date":"2025-04-15T15:54:24","date_gmt":"2025-04-15T13:54:24","guid":{"rendered":"https:\/\/gallaissports.com\/?post_type=product&#038;p=9728"},"modified":"2025-04-15T16:01:09","modified_gmt":"2025-04-15T14:01:09","slug":"fleece-rose","status":"publish","type":"product","link":"https:\/\/gallaissports.com\/es\/producto\/fleece-rose\/","title":{"rendered":"Fleece Rose"},"content":{"rendered":"<p><img loading=\"lazy\" decoding=\"async\" class=\"alignnone size-medium wp-image-9735\" src=\"https:\/\/gallaissports.com\/wp-content\/uploads\/2025\/04\/Fleecerose1-185x300.png\" alt=\"\" width=\"185\" height=\"300\" srcset=\"https:\/\/gallaissports.com\/wp-content\/uploads\/2025\/04\/Fleecerose1-185x300.png 185w, https:\/\/gallaissports.com\/wp-content\/uploads\/2025\/04\/Fleecerose1-7x12.png 7w, https:\/\/gallaissports.com\/wp-content\/uploads\/2025\/04\/Fleecerose1-112x182.png 112w, https:\/\/gallaissports.com\/wp-content\/uploads\/2025\/04\/Fleecerose1.png 197w\" sizes=\"auto, (max-width: 185px) 100vw, 185px\" \/><img loading=\"lazy\" decoding=\"async\" class=\"alignnone size-medium wp-image-9736\" src=\"https:\/\/gallaissports.com\/wp-content\/uploads\/2025\/04\/Fleecerose2-208x300.png\" alt=\"\" width=\"208\" height=\"300\" srcset=\"https:\/\/gallaissports.com\/wp-content\/uploads\/2025\/04\/Fleecerose2-208x300.png 208w, https:\/\/gallaissports.com\/wp-content\/uploads\/2025\/04\/Fleecerose2-8x12.png 8w, https:\/\/gallaissports.com\/wp-content\/uploads\/2025\/04\/Fleecerose2-126x182.png 126w, https:\/\/gallaissports.com\/wp-content\/uploads\/2025\/04\/Fleecerose2.png 222w\" sizes=\"auto, (max-width: 208px) 100vw, 208px\" \/><img loading=\"lazy\" decoding=\"async\" class=\"alignnone size-medium wp-image-9737\" src=\"https:\/\/gallaissports.com\/wp-content\/uploads\/2025\/04\/Fleecerose3-174x300.png\" alt=\"\" width=\"174\" height=\"300\" srcset=\"https:\/\/gallaissports.com\/wp-content\/uploads\/2025\/04\/Fleecerose3-174x300.png 174w, https:\/\/gallaissports.com\/wp-content\/uploads\/2025\/04\/Fleecerose3-7x12.png 7w, https:\/\/gallaissports.com\/wp-content\/uploads\/2025\/04\/Fleecerose3-106x182.png 106w, https:\/\/gallaissports.com\/wp-content\/uploads\/2025\/04\/Fleecerose3.png 186w\" sizes=\"auto, (max-width: 174px) 100vw, 174px\" \/><\/p>","protected":false},"excerpt":{"rendered":"<div class=\"woocommerce-product-details__short-description\">\n<p class=\"\" data-start=\"275\" data-end=\"606\">Con\u00e7u pour allier chaleur, l\u00e9g\u00e8ret\u00e9 et praticit\u00e9, notre <strong data-start=\"331\" data-end=\"349\">fleece <\/strong>est le compagnon id\u00e9al pour affronter les journ\u00e9es fra\u00eeches. Fabriqu\u00e9 en <strong data-start=\"456\" data-end=\"499\">mati\u00e8re synth\u00e9tique douce et respirante<\/strong>, ce gilet offre une isolation thermique optimale tout en garantissant une excellente libert\u00e9 de mouvement.<\/p>\n<p class=\"\" data-start=\"608\" data-end=\"929\">C\u00f4t\u00e9 design, il mise sur la simplicit\u00e9 efficace : <strong data-start=\"658\" data-end=\"679\">deux poches avant<\/strong> pour et <strong data-start=\"737\" data-end=\"767\">une poche arri\u00e8re discr\u00e8te<\/strong>. Sa coupe moderne et l\u00e9g\u00e8rement ajust\u00e9e s\u2019adapte \u00e0 toutes les morphologies.<\/p>\n<\/div>","protected":false},"featured_media":9735,"comment_status":"closed","ping_status":"closed","template":"","meta":[],"product_brand":[],"product_cat":[100],"product_tag":[],"class_list":{"0":"post-9728","1":"product","2":"type-product","3":"status-publish","4":"has-post-thumbnail","6":"product_cat-pret-a-porter-gallais","8":"first","9":"instock","10":"taxable","11":"shipping-taxable","12":"purchasable","13":"product-type-variable"},"jetpack_sharing_enabled":true,"_links":{"self":[{"href":"https:\/\/gallaissports.com\/es\/wp-json\/wp\/v2\/product\/9728","targetHints":{"allow":["GET"]}}],"collection":[{"href":"https:\/\/gallaissports.com\/es\/wp-json\/wp\/v2\/product"}],"about":[{"href":"https:\/\/gallaissports.com\/es\/wp-json\/wp\/v2\/types\/product"}],"replies":[{"embeddable":true,"href":"https:\/\/gallaissports.com\/es\/wp-json\/wp\/v2\/comments?post=9728"}],"wp:featuredmedia":[{"embeddable":true,"href":"https:\/\/gallaissports.com\/es\/wp-json\/wp\/v2\/media\/9735"}],"wp:attachment":[{"href":"https:\/\/gallaissports.com\/es\/wp-json\/wp\/v2\/media?parent=9728"}],"wp:term":[{"taxonomy":"product_brand","embeddable":true,"href":"https:\/\/gallaissports.com\/es\/wp-json\/wp\/v2\/product_brand?post=9728"},{"taxonomy":"product_cat","embeddable":true,"href":"https:\/\/gallaissports.com\/es\/wp-json\/wp\/v2\/product_cat?post=9728"},{"taxonomy":"product_tag","embeddable":true,"href":"https:\/\/gallaissports.com\/es\/wp-json\/wp\/v2\/product_tag?post=9728"}],"curies":[{"name":"wp","href":"https:\/\/api.w.org\/{rel}","templated":true}]}}