{"id":9738,"date":"2025-04-15T15:58:06","date_gmt":"2025-04-15T13:58:06","guid":{"rendered":"https:\/\/gallaissports.com\/?post_type=product&#038;p=9738"},"modified":"2025-04-15T15:59:29","modified_gmt":"2025-04-15T13:59:29","slug":"fleece-bleu-2","status":"publish","type":"product","link":"https:\/\/gallaissports.com\/es\/producto\/fleece-bleu-2\/","title":{"rendered":"Fleece Bleu"},"content":{"rendered":"<p><img loading=\"lazy\" decoding=\"async\" class=\"alignnone size-medium wp-image-9745\" src=\"https:\/\/gallaissports.com\/wp-content\/uploads\/2025\/04\/Fleecebleu1-1-179x300.png\" alt=\"\" width=\"179\" height=\"300\" srcset=\"https:\/\/gallaissports.com\/wp-content\/uploads\/2025\/04\/Fleecebleu1-1-179x300.png 179w, https:\/\/gallaissports.com\/wp-content\/uploads\/2025\/04\/Fleecebleu1-1-7x12.png 7w, https:\/\/gallaissports.com\/wp-content\/uploads\/2025\/04\/Fleecebleu1-1-109x182.png 109w, https:\/\/gallaissports.com\/wp-content\/uploads\/2025\/04\/Fleecebleu1-1.png 191w\" sizes=\"auto, (max-width: 179px) 100vw, 179px\" \/><img loading=\"lazy\" decoding=\"async\" class=\"alignnone size-medium wp-image-9746\" src=\"https:\/\/gallaissports.com\/wp-content\/uploads\/2025\/04\/Fleecebleu2-1-214x300.png\" alt=\"\" width=\"214\" height=\"300\" srcset=\"https:\/\/gallaissports.com\/wp-content\/uploads\/2025\/04\/Fleecebleu2-1-214x300.png 214w, https:\/\/gallaissports.com\/wp-content\/uploads\/2025\/04\/Fleecebleu2-1-9x12.png 9w, https:\/\/gallaissports.com\/wp-content\/uploads\/2025\/04\/Fleecebleu2-1-130x182.png 130w, https:\/\/gallaissports.com\/wp-content\/uploads\/2025\/04\/Fleecebleu2-1.png 228w\" sizes=\"auto, (max-width: 214px) 100vw, 214px\" \/><img loading=\"lazy\" decoding=\"async\" class=\"alignnone size-medium wp-image-9747\" src=\"https:\/\/gallaissports.com\/wp-content\/uploads\/2025\/04\/Fleecebleu3-1-188x300.png\" alt=\"\" width=\"188\" height=\"300\" srcset=\"https:\/\/gallaissports.com\/wp-content\/uploads\/2025\/04\/Fleecebleu3-1-188x300.png 188w, https:\/\/gallaissports.com\/wp-content\/uploads\/2025\/04\/Fleecebleu3-1-8x12.png 8w, https:\/\/gallaissports.com\/wp-content\/uploads\/2025\/04\/Fleecebleu3-1-114x182.png 114w, https:\/\/gallaissports.com\/wp-content\/uploads\/2025\/04\/Fleecebleu3-1.png 200w\" sizes=\"auto, (max-width: 188px) 100vw, 188px\" \/><img loading=\"lazy\" decoding=\"async\" class=\"alignnone size-medium wp-image-9748\" src=\"https:\/\/gallaissports.com\/wp-content\/uploads\/2025\/04\/Fleecebleu4-1-206x300.png\" alt=\"\" width=\"206\" height=\"300\" srcset=\"https:\/\/gallaissports.com\/wp-content\/uploads\/2025\/04\/Fleecebleu4-1-206x300.png 206w, https:\/\/gallaissports.com\/wp-content\/uploads\/2025\/04\/Fleecebleu4-1-8x12.png 8w, https:\/\/gallaissports.com\/wp-content\/uploads\/2025\/04\/Fleecebleu4-1-125x182.png 125w, https:\/\/gallaissports.com\/wp-content\/uploads\/2025\/04\/Fleecebleu4-1.png 220w\" sizes=\"auto, (max-width: 206px) 100vw, 206px\" \/><img loading=\"lazy\" decoding=\"async\" class=\"alignnone size-medium wp-image-9749\" src=\"https:\/\/gallaissports.com\/wp-content\/uploads\/2025\/04\/FleeceBleu5-1-173x300.png\" alt=\"\" width=\"173\" height=\"300\" srcset=\"https:\/\/gallaissports.com\/wp-content\/uploads\/2025\/04\/FleeceBleu5-1-173x300.png 173w, https:\/\/gallaissports.com\/wp-content\/uploads\/2025\/04\/FleeceBleu5-1-7x12.png 7w, https:\/\/gallaissports.com\/wp-content\/uploads\/2025\/04\/FleeceBleu5-1-105x182.png 105w, https:\/\/gallaissports.com\/wp-content\/uploads\/2025\/04\/FleeceBleu5-1.png 185w\" sizes=\"auto, (max-width: 173px) 100vw, 173px\" \/><\/p>","protected":false},"excerpt":{"rendered":"<div class=\"woocommerce-product-details__short-description\">\n<p class=\"\" data-start=\"275\" data-end=\"606\">Con\u00e7u pour allier chaleur, l\u00e9g\u00e8ret\u00e9 et praticit\u00e9, notre <strong data-start=\"331\" data-end=\"349\">fleece <\/strong>est le compagnon id\u00e9al pour affronter les journ\u00e9es fra\u00eeches. Fabriqu\u00e9 en <strong data-start=\"456\" data-end=\"499\">mati\u00e8re synth\u00e9tique douce et respirante<\/strong>, ce gilet offre une isolation thermique optimale tout en garantissant une excellente libert\u00e9 de mouvement.<\/p>\n<p class=\"\" data-start=\"608\" data-end=\"929\">C\u00f4t\u00e9 design, il mise sur la simplicit\u00e9 efficace : <strong data-start=\"658\" data-end=\"679\">deux poches avant<\/strong> pour et <strong data-start=\"737\" data-end=\"767\">une poche arri\u00e8re discr\u00e8te<\/strong>. Sa coupe moderne et l\u00e9g\u00e8rement ajust\u00e9e s\u2019adapte \u00e0 toutes les morphologies.<\/p>\n<\/div>","protected":false},"featured_media":9745,"comment_status":"closed","ping_status":"closed","template":"","meta":[],"product_brand":[],"product_cat":[100],"product_tag":[],"class_list":{"0":"post-9738","1":"product","2":"type-product","3":"status-publish","4":"has-post-thumbnail","6":"product_cat-pret-a-porter-gallais","8":"first","9":"instock","10":"taxable","11":"shipping-taxable","12":"purchasable","13":"product-type-variable"},"jetpack_sharing_enabled":true,"_links":{"self":[{"href":"https:\/\/gallaissports.com\/es\/wp-json\/wp\/v2\/product\/9738","targetHints":{"allow":["GET"]}}],"collection":[{"href":"https:\/\/gallaissports.com\/es\/wp-json\/wp\/v2\/product"}],"about":[{"href":"https:\/\/gallaissports.com\/es\/wp-json\/wp\/v2\/types\/product"}],"replies":[{"embeddable":true,"href":"https:\/\/gallaissports.com\/es\/wp-json\/wp\/v2\/comments?post=9738"}],"wp:featuredmedia":[{"embeddable":true,"href":"https:\/\/gallaissports.com\/es\/wp-json\/wp\/v2\/media\/9745"}],"wp:attachment":[{"href":"https:\/\/gallaissports.com\/es\/wp-json\/wp\/v2\/media?parent=9738"}],"wp:term":[{"taxonomy":"product_brand","embeddable":true,"href":"https:\/\/gallaissports.com\/es\/wp-json\/wp\/v2\/product_brand?post=9738"},{"taxonomy":"product_cat","embeddable":true,"href":"https:\/\/gallaissports.com\/es\/wp-json\/wp\/v2\/product_cat?post=9738"},{"taxonomy":"product_tag","embeddable":true,"href":"https:\/\/gallaissports.com\/es\/wp-json\/wp\/v2\/product_tag?post=9738"}],"curies":[{"name":"wp","href":"https:\/\/api.w.org\/{rel}","templated":true}]}}