{"id":9774,"date":"2025-04-15T16:29:15","date_gmt":"2025-04-15T14:29:15","guid":{"rendered":"https:\/\/gallaissports.com\/?post_type=product&#038;p=9774"},"modified":"2025-04-15T16:39:34","modified_gmt":"2025-04-15T14:39:34","slug":"manchette-de-deconditionnement","status":"publish","type":"product","link":"https:\/\/gallaissports.com\/es\/producto\/manchette-de-deconditionnement\/","title":{"rendered":"Manchette de d\u00e9conditionnement"},"content":{"rendered":"<p><img loading=\"lazy\" decoding=\"async\" class=\"alignnone size-medium wp-image-9775\" src=\"https:\/\/gallaissports.com\/wp-content\/uploads\/2025\/04\/Manchettes1-300x179.png\" alt=\"\" width=\"300\" height=\"179\" srcset=\"https:\/\/gallaissports.com\/wp-content\/uploads\/2025\/04\/Manchettes1-300x179.png 300w, https:\/\/gallaissports.com\/wp-content\/uploads\/2025\/04\/Manchettes1-18x12.png 18w, https:\/\/gallaissports.com\/wp-content\/uploads\/2025\/04\/Manchettes1-150x90.png 150w, https:\/\/gallaissports.com\/wp-content\/uploads\/2025\/04\/Manchettes1.png 320w\" sizes=\"auto, (max-width: 300px) 100vw, 300px\" \/><img loading=\"lazy\" decoding=\"async\" class=\"alignnone size-medium wp-image-9776\" src=\"https:\/\/gallaissports.com\/wp-content\/uploads\/2025\/04\/manchettes2-300x214.png\" alt=\"\" width=\"300\" height=\"214\" srcset=\"https:\/\/gallaissports.com\/wp-content\/uploads\/2025\/04\/manchettes2-300x214.png 300w, https:\/\/gallaissports.com\/wp-content\/uploads\/2025\/04\/manchettes2-18x12.png 18w, https:\/\/gallaissports.com\/wp-content\/uploads\/2025\/04\/manchettes2-150x107.png 150w, https:\/\/gallaissports.com\/wp-content\/uploads\/2025\/04\/manchettes2.png 320w\" sizes=\"auto, (max-width: 300px) 100vw, 300px\" \/><\/p>","protected":false},"excerpt":{"rendered":"<p>Sp\u00e9cialement con\u00e7ues pour les phases de d\u00e9contionnement dans le sport canin, nos <strong data-start=\"660\" data-end=\"693\">manchettes de d\u00e9contionnement<\/strong> offrent un compromis id\u00e9al entre protection, mobilit\u00e9 et pr\u00e9cision. Elles permettent un rel\u00e2chement progressif du mordant tout en gardant un maximum de s\u00e9curit\u00e9 pour le conducteur et de clart\u00e9 pour le chien.<\/p>","protected":false},"featured_media":9775,"comment_status":"closed","ping_status":"closed","template":"","meta":[],"product_brand":[],"product_cat":[102,15],"product_tag":[],"class_list":{"0":"post-9774","1":"product","2":"type-product","3":"status-publish","4":"has-post-thumbnail","6":"product_cat-deconditionnement","7":"product_cat-non-classe","9":"first","10":"instock","11":"taxable","12":"shipping-taxable","13":"purchasable","14":"product-type-simple"},"jetpack_sharing_enabled":true,"_links":{"self":[{"href":"https:\/\/gallaissports.com\/es\/wp-json\/wp\/v2\/product\/9774","targetHints":{"allow":["GET"]}}],"collection":[{"href":"https:\/\/gallaissports.com\/es\/wp-json\/wp\/v2\/product"}],"about":[{"href":"https:\/\/gallaissports.com\/es\/wp-json\/wp\/v2\/types\/product"}],"replies":[{"embeddable":true,"href":"https:\/\/gallaissports.com\/es\/wp-json\/wp\/v2\/comments?post=9774"}],"wp:featuredmedia":[{"embeddable":true,"href":"https:\/\/gallaissports.com\/es\/wp-json\/wp\/v2\/media\/9775"}],"wp:attachment":[{"href":"https:\/\/gallaissports.com\/es\/wp-json\/wp\/v2\/media?parent=9774"}],"wp:term":[{"taxonomy":"product_brand","embeddable":true,"href":"https:\/\/gallaissports.com\/es\/wp-json\/wp\/v2\/product_brand?post=9774"},{"taxonomy":"product_cat","embeddable":true,"href":"https:\/\/gallaissports.com\/es\/wp-json\/wp\/v2\/product_cat?post=9774"},{"taxonomy":"product_tag","embeddable":true,"href":"https:\/\/gallaissports.com\/es\/wp-json\/wp\/v2\/product_tag?post=9774"}],"curies":[{"name":"wp","href":"https:\/\/api.w.org\/{rel}","templated":true}]}}